{"id":544,"date":"2021-03-08T14:00:44","date_gmt":"2021-03-08T12:00:44","guid":{"rendered":"http:\/\/dev2.develope.fi\/dev\/rikke\/?post_type=product&#038;p=544"},"modified":"2021-03-08T15:01:34","modified_gmt":"2021-03-08T13:01:34","slug":"chantana-222","status":"publish","type":"product","link":"https:\/\/dev2.develope.fi\/dev\/rikke\/?product=chantana-222","title":{"rendered":"Chantana 222"},"content":{"rendered":"<p>Juhlakenk\u00e4kin voi olla mukava jalkaan ja silti hyv\u00e4nn\u00e4k\u00f6inen. Chantana avokkaat, juhla- ja tanssikeng\u00e4t on suunniteltu tunteella Suomessa<\/p>\n","protected":false},"excerpt":{"rendered":"<p>Juhlakenk\u00e4kin voi olla mukava jalkaan ja silti hyv\u00e4nn\u00e4k\u00f6inen. Chantana avokkaat, juhla- ja tanssikeng\u00e4t on suunniteltu tunteella Suomessa<\/p>\n","protected":false},"featured_media":566,"comment_status":"open","ping_status":"closed","template":"","meta":[],"product_brand":[],"product_cat":[15],"product_tag":[],"class_list":{"0":"post-544","1":"product","2":"type-product","3":"status-publish","4":"has-post-thumbnail","6":"product_cat-uncategorized","8":"first","9":"instock","10":"shipping-taxable","11":"product-type-simple"},"_links":{"self":[{"href":"https:\/\/dev2.develope.fi\/dev\/rikke\/index.php?rest_route=\/wp\/v2\/product\/544","targetHints":{"allow":["GET"]}}],"collection":[{"href":"https:\/\/dev2.develope.fi\/dev\/rikke\/index.php?rest_route=\/wp\/v2\/product"}],"about":[{"href":"https:\/\/dev2.develope.fi\/dev\/rikke\/index.php?rest_route=\/wp\/v2\/types\/product"}],"replies":[{"embeddable":true,"href":"https:\/\/dev2.develope.fi\/dev\/rikke\/index.php?rest_route=%2Fwp%2Fv2%2Fcomments&post=544"}],"wp:featuredmedia":[{"embeddable":true,"href":"https:\/\/dev2.develope.fi\/dev\/rikke\/index.php?rest_route=\/wp\/v2\/media\/566"}],"wp:attachment":[{"href":"https:\/\/dev2.develope.fi\/dev\/rikke\/index.php?rest_route=%2Fwp%2Fv2%2Fmedia&parent=544"}],"wp:term":[{"taxonomy":"product_brand","embeddable":true,"href":"https:\/\/dev2.develope.fi\/dev\/rikke\/index.php?rest_route=%2Fwp%2Fv2%2Fproduct_brand&post=544"},{"taxonomy":"product_cat","embeddable":true,"href":"https:\/\/dev2.develope.fi\/dev\/rikke\/index.php?rest_route=%2Fwp%2Fv2%2Fproduct_cat&post=544"},{"taxonomy":"product_tag","embeddable":true,"href":"https:\/\/dev2.develope.fi\/dev\/rikke\/index.php?rest_route=%2Fwp%2Fv2%2Fproduct_tag&post=544"}],"curies":[{"name":"wp","href":"https:\/\/api.w.org\/{rel}","templated":true}]}}